{"id":510,"date":"2025-01-27T16:16:05","date_gmt":"2025-01-27T16:16:05","guid":{"rendered":"https:\/\/vivimsolar.com\/faqs-especialistes-en-energies-solar\/"},"modified":"2025-05-15T09:50:30","modified_gmt":"2025-05-15T09:50:30","slug":"faqs-especialistes-en-energies-solar","status":"publish","type":"page","link":"https:\/\/vivimsolar.com\/ca\/faqs-especialistes-en-energies-solar\/","title":{"rendered":"FAQS &#8211; Especialistes en energies solar"},"content":{"rendered":"\n\n\t<section class=\"section\" id=\"section_1075257563\">\n\t\t<div class=\"section-bg fill\" >\n\t\t\t\t\t\t\t\t\t\n\t\t\t\n\n\t\t<\/div>\n\n\t\t\n\n\t\t<div class=\"section-content relative\">\n\t\t\t\n<div class=\"row\"  id=\"row-335094644\">\n\n\t<div id=\"col-61000644\" class=\"col small-12 large-12\"  >\n\t\t\t\t<div class=\"col-inner\"  >\n\t\t\t\n\t\t\t\n<h1 class=\"uppercase\" style=\"text-align: center;\">Preguntes Freq\u00fcents sobre Energia Solar<\/h1>\n<p style=\"text-align: center;\">Resol els teus dubtes sobre la instal\u00b7laci\u00f3 de panells solars i els nostres serveis.<\/p>\n\t<div id=\"gap-1881349963\" class=\"gap-element clearfix\" style=\"display:block; height:auto;\">\n\t\t\n<style>\n#gap-1881349963 {\n  padding-top: 30px;\n}\n<\/style>\n\t<\/div>\n\t\n\t\t<\/div>\n\t\t\t\t\t<\/div>\n\n\t\n<\/div>\n\n<div class=\"row\"  id=\"row-1469606784\">\n\n\t<div id=\"col-527753441\" class=\"col small-12 large-12\"  >\n\t\t\t\t<div class=\"col-inner\"  >\n\t\t\t\n\t\t\t\n\n<!-- Inicio de acordeones -->\n<div class=\"accordion\">\n\t<div id=\"accordion-1750101224\" class=\"accordion-item\">\n\t\t<a id=\"accordion-1750101224-label\" class=\"accordion-title plain\" href=\"#accordion-item-per-qu\u00e8-\u00e9s-benefici\u00f3s-instal\u00b7lar-panells-solars?\" aria-expanded=\"false\" aria-controls=\"accordion-1750101224-content\" >\n\t\t\t<button class=\"toggle\" aria-label=\"Toggle\"><i class=\"icon-angle-down\"><\/i><\/button>\n\t\t\t<span>Per qu\u00e8 \u00e9s benefici\u00f3s instal\u00b7lar panells solars?<\/span>\n\t\t<\/a>\n\t\t<div id=\"accordion-1750101224-content\" class=\"accordion-inner\" aria-labelledby=\"accordion-1750101224-label\" >\n\t\t\t\n<p>Instal\u00b7lar panells solars permet generar la teva pr\u00f2pia electricitat, reduir significativament la factura de llum i contribuir a la sostenibilitat ambiental en disminuir les emissions de carboni.<\/p>\n\t\t<\/div>\n\t<\/div>\n\t\n\n\t<div id=\"accordion-422334363\" class=\"accordion-item\">\n\t\t<a id=\"accordion-422334363-label\" class=\"accordion-title plain\" href=\"#accordion-item-quins-s\u00f3n-els-beneficis-de-fer-servir-panells-solars-a-la-llar?\" aria-expanded=\"false\" aria-controls=\"accordion-422334363-content\" >\n\t\t\t<button class=\"toggle\" aria-label=\"Toggle\"><i class=\"icon-angle-down\"><\/i><\/button>\n\t\t\t<span>Quins s\u00f3n els beneficis de fer servir panells solars a la llar?<\/span>\n\t\t<\/a>\n\t\t<div id=\"accordion-422334363-content\" class=\"accordion-inner\" aria-labelledby=\"accordion-422334363-label\" >\n\t\t\t\n<p>Els beneficis inclouen estalvi econ\u00f2mic a llarg termini, independ\u00e8ncia energ\u00e8tica, augment del valor de la propietat i acc\u00e9s a incentius fiscals i subvencions.<\/p>\n\t\t<\/div>\n\t<\/div>\n\t\n\n\t<div id=\"accordion-1940910378\" class=\"accordion-item\">\n\t\t<a id=\"accordion-1940910378-label\" class=\"accordion-title plain\" href=\"#accordion-item-quin-\u00e9s-lobjectiu-dinstal\u00b7lar-panells-solars?\" aria-expanded=\"false\" aria-controls=\"accordion-1940910378-content\" >\n\t\t\t<button class=\"toggle\" aria-label=\"Toggle\"><i class=\"icon-angle-down\"><\/i><\/button>\n\t\t\t<span>Quin \u00e9s lobjectiu dinstal\u00b7lar panells solars?<\/span>\n\t\t<\/a>\n\t\t<div id=\"accordion-1940910378-content\" class=\"accordion-inner\" aria-labelledby=\"accordion-1940910378-label\" >\n\t\t\t\n<p>L&#8217;objectiu principal \u00e9s aprofitar una font d&#8217;energia neta i renovable per cobrir les necessitats el\u00e8ctriques, reduint la depend\u00e8ncia de fonts f\u00f2ssils i promovent-ne la sostenibilitat.<\/p>\n\t\t<\/div>\n\t<\/div>\n\t\n\n\t<div id=\"accordion-2563302381\" class=\"accordion-item\">\n\t\t<a id=\"accordion-2563302381-label\" class=\"accordion-title plain\" href=\"#accordion-item-quant-puc-estalviar-amb-panells-solars?\" aria-expanded=\"false\" aria-controls=\"accordion-2563302381-content\" >\n\t\t\t<button class=\"toggle\" aria-label=\"Toggle\"><i class=\"icon-angle-down\"><\/i><\/button>\n\t\t\t<span>Quant puc estalviar amb panells solars?<\/span>\n\t\t<\/a>\n\t\t<div id=\"accordion-2563302381-content\" class=\"accordion-inner\" aria-labelledby=\"accordion-2563302381-label\" >\n\t\t\t\n<p>L&#8217;estalvi dep\u00e8n del consum i la mida del sistema, per\u00f2 de mitjana, les llars poden reduir fins a un 70% la factura el\u00e8ctrica mensual.<\/p>\n\t\t<\/div>\n\t<\/div>\n\t\n\n\t<div id=\"accordion-809624565\" class=\"accordion-item\">\n\t\t<a id=\"accordion-809624565-label\" class=\"accordion-title plain\" href=\"#accordion-item-quin-manteniment-requereixen-els-panells-solars?\" aria-expanded=\"false\" aria-controls=\"accordion-809624565-content\" >\n\t\t\t<button class=\"toggle\" aria-label=\"Toggle\"><i class=\"icon-angle-down\"><\/i><\/button>\n\t\t\t<span>Quin manteniment requereixen els panells solars?<\/span>\n\t\t<\/a>\n\t\t<div id=\"accordion-809624565-content\" class=\"accordion-inner\" aria-labelledby=\"accordion-809624565-label\" >\n\t\t\t\n<p>Requereixen un manteniment m\u00ednim, principalment neteja peri\u00f2dica i revisions t\u00e8cniques per assegurar-ne el funcionament \u00f2ptim.<\/p>\n\t\t<\/div>\n\t<\/div>\n\t\n\n\t<div id=\"accordion-2506705338\" class=\"accordion-item\">\n\t\t<a id=\"accordion-2506705338-label\" class=\"accordion-title plain\" href=\"#accordion-item-quina-\u00e9s-la-vida-\u00fatil-del-sistema-fotovoltaic?\" aria-expanded=\"false\" aria-controls=\"accordion-2506705338-content\" >\n\t\t\t<button class=\"toggle\" aria-label=\"Toggle\"><i class=\"icon-angle-down\"><\/i><\/button>\n\t\t\t<span>Quina \u00e9s la vida \u00fatil del sistema fotovoltaic?<\/span>\n\t\t<\/a>\n\t\t<div id=\"accordion-2506705338-content\" class=\"accordion-inner\" aria-labelledby=\"accordion-2506705338-label\" >\n\t\t\t\n<p>La vida \u00fatil mitjana dels panells solars \u00e9s de 25 a 30 anys, mentre que els inversors poden durar entre 10 i 15 anys.<\/p>\n\t\t<\/div>\n\t<\/div>\n\t\n\n\t<div id=\"accordion-3469324079\" class=\"accordion-item\">\n\t\t<a id=\"accordion-3469324079-label\" class=\"accordion-title plain\" href=\"#accordion-item-quins-serveis-ofereix-vivim-solar?\" aria-expanded=\"false\" aria-controls=\"accordion-3469324079-content\" >\n\t\t\t<button class=\"toggle\" aria-label=\"Toggle\"><i class=\"icon-angle-down\"><\/i><\/button>\n\t\t\t<span>Quins serveis ofereix Vivim Solar?<\/span>\n\t\t<\/a>\n\t\t<div id=\"accordion-3469324079-content\" class=\"accordion-inner\" aria-labelledby=\"accordion-3469324079-label\" >\n\t\t\t\n<p>Vivim Solar ofereix instal\u00b7laci\u00f3 de panells solars, manteniment d&#8217;instal\u00b7lacions fotovoltaiques, reparaci\u00f3 i substituci\u00f3 de plaques solars, consultoria en energia solar i instal\u00b7lacions per a vehicles el\u00e8ctrics.<\/p>\n\t\t<\/div>\n\t<\/div>\n\t\n\n\t<div id=\"accordion-2858041039\" class=\"accordion-item\">\n\t\t<a id=\"accordion-2858041039-label\" class=\"accordion-title plain\" href=\"#accordion-item-vivim-solar-treballa-amb-llars,-empreses-i-comunitats?\" aria-expanded=\"false\" aria-controls=\"accordion-2858041039-content\" >\n\t\t\t<button class=\"toggle\" aria-label=\"Toggle\"><i class=\"icon-angle-down\"><\/i><\/button>\n\t\t\t<span>Vivim Solar treballa amb llars, empreses i comunitats?<\/span>\n\t\t<\/a>\n\t\t<div id=\"accordion-2858041039-content\" class=\"accordion-inner\" aria-labelledby=\"accordion-2858041039-label\" >\n\t\t\t\n<p>S\u00ed, oferim solucions personalitzades per a habitatges particulars, empreses i comunitats de ve\u00efns.<\/p>\n\t\t<\/div>\n\t<\/div>\n\t\n\n\t<div id=\"accordion-3926278679\" class=\"accordion-item\">\n\t\t<a id=\"accordion-3926278679-label\" class=\"accordion-title plain\" href=\"#accordion-item-com-puc-sol\u00b7licitar-un-pressupost?\" aria-expanded=\"false\" aria-controls=\"accordion-3926278679-content\" >\n\t\t\t<button class=\"toggle\" aria-label=\"Toggle\"><i class=\"icon-angle-down\"><\/i><\/button>\n\t\t\t<span>Com puc sol\u00b7licitar un pressupost?<\/span>\n\t\t<\/a>\n\t\t<div id=\"accordion-3926278679-content\" class=\"accordion-inner\" aria-labelledby=\"accordion-3926278679-label\" >\n\t\t\t\n<p>Pots sol\u00b7licitar un pressupost a trav\u00e9s del nostre formulari de contacte a la p\u00e0gina web o trucant directament al nostre n\u00famero d&#8217;atenci\u00f3 al client.<\/p>\n\t\t<\/div>\n\t<\/div>\n\t\n\n\t<div id=\"accordion-770102609\" class=\"accordion-item\">\n\t\t<a id=\"accordion-770102609-label\" class=\"accordion-title plain\" href=\"#accordion-item-quines-garanties-ofereixen-a-les-seves-instal\u00b7lacions?\" aria-expanded=\"false\" aria-controls=\"accordion-770102609-content\" >\n\t\t\t<button class=\"toggle\" aria-label=\"Toggle\"><i class=\"icon-angle-down\"><\/i><\/button>\n\t\t\t<span>Quines garanties ofereixen a les seves instal\u00b7lacions?<\/span>\n\t\t<\/a>\n\t\t<div id=\"accordion-770102609-content\" class=\"accordion-inner\" aria-labelledby=\"accordion-770102609-label\" >\n\t\t\t\n<p>Oferim garanties de fins a 25 anys als panells solars i 2 anys a la instal\u00b7laci\u00f3, assegurant qualitat i confian\u00e7a en els nostres serveis.<\/p>\n\t\t<\/div>\n\t<\/div>\n\t\n<\/div>\n<!-- Fin de acordeones -->\n\n\t\t<\/div>\n\t\t\t\t\t<\/div>\n\n\t\n<\/div>\n\t\t<\/div>\n\n\t\t\n<style>\n#section_1075257563 {\n  padding-top: 60px 0;\n  padding-bottom: 60px 0;\n}\n<\/style>\n\t<\/section>\n\t\n<p><!-- Datos estructurados FAQ Schema --><br \/>\n<script type=\"application\/ld+json\">\n{\n  \"@context\": \"https:\/\/schema.org\",\n  \"@type\": \"FAQPage\",\n  \"mainEntity\": [\n    {\n      \"@type\": \"Question\",\n      \"name\": \"\u00bfPor qu\u00e9 es beneficioso instalar paneles solares?\",\n      \"acceptedAnswer\": {\n        \"@type\": \"Answer\",\n        \"text\": \"Instalar paneles solares permite generar tu propia electricidad, reducir significativamente la factura de luz y contribuir a la sostenibilidad ambiental al disminuir las emisiones de carbono.\"\n      }\n    },\n    {\n      \"@type\": \"Question\",\n      \"name\": \"\u00bfCu\u00e1les son los beneficios de usar paneles solares en el hogar?\",\n      \"acceptedAnswer\": {\n        \"@type\": \"Answer\",\n        \"text\": \"Los beneficios incluyen ahorro econ\u00f3mico a largo plazo, independencia energ\u00e9tica, aumento del valor de la propiedad y acceso a incentivos fiscales y subvenciones.\"\n      }\n    },\n    {\n      \"@type\": \"Question\",\n      \"name\": \"\u00bfCu\u00e1l es el objetivo de instalar paneles solares?\",\n      \"acceptedAnswer\": {\n        \"@type\": \"Answer\",\n        \"text\": \"El objetivo principal es aprovechar una fuente de energ\u00eda limpia y renovable para cubrir las necesidades el\u00e9ctricas, reduciendo la dependencia de fuentes f\u00f3siles y promoviendo la sostenibilidad.\"\n      }\n    },\n    {\n      \"@type\": \"Question\",\n      \"name\": \"\u00bfCu\u00e1nto puedo ahorrar con paneles solares?\",\n      \"acceptedAnswer\": {\n        \"@type\": \"Answer\",\n        \"text\": \"El ahorro depende del consumo y tama\u00f1o del sistema, pero en promedio, los hogares pueden reducir hasta un 70% su factura el\u00e9ctrica mensual.\"\n      }\n    },\n    {\n      \"@type\": \"Question\",\n      \"name\": \"\u00bfQu\u00e9 mantenimiento requieren los paneles solares?\",\n      \"acceptedAnswer\": {\n        \"@type\": \"Answer\",\n        \"text\": \"Requieren un mantenimiento m\u00ednimo, principalmente limpieza peri\u00f3dica y revisiones t\u00e9cnicas para asegurar su \u00f3ptimo funcionamiento.\"\n      }\n    },\n    {\n      \"@type\": \"Question\",\n      \"name\": \"\u00bfCu\u00e1l es la vida \u00fatil de un sistema fotovoltaico?\",\n      \"acceptedAnswer\": {\n        \"@type\": \"Answer\",\n        \"text\": \"La vida \u00fatil promedio de los paneles solares es de 25 a 30 a\u00f1os, mientras que los inversores pueden durar entre 10 y 15 a\u00f1os.\"\n      }\n    },\n    {\n      \"@type\": \"Question\",\n      \"name\": \"\u00bfQu\u00e9 servicios ofrece Vivim Solar?\",\n      \"acceptedAnswer\": {\n        \"@type\": \"Answer\",\n        \"text\": \"Vivim Solar ofrece instalaci\u00f3n de paneles solares, mantenimiento de instalaciones fotovoltaicas, reparaci\u00f3n y sustituci\u00f3n de placas solares, consultor\u00eda en energ\u00eda solar e instalaciones para veh\u00edculos el\u00e9ctricos.\"\n      }\n    },\n    {\n      \"@type\": \"Question\",\n      \"name\": \"\u00bfVivim Solar trabaja con hogares, empresas y comunidades?\",\n      \"acceptedAnswer\": {\n        \"@type\": \"Answer\",\n        \"text\": \"S\u00ed, ofrecemos soluciones personalizadas para viviendas particulares, empresas y comunidades de vecinos.\"\n      }\n    },\n    {\n      \"@type\": \"Question\",\n      \"name\": \"\u00bfC\u00f3mo puedo solicitar un presupuesto?\",\n      \"acceptedAnswer\": {\n        \"@type\": \"Answer\",\n        \"text\": \"Puedes solicitar un presupuesto a trav\u00e9s de nuestro formulario de contacto en la p\u00e1gina web o llamando directamente a nuestro n\u00famero de atenci\u00f3n al cliente.\"\n      }\n    },\n    {\n      \"@type\": \"Question\",\n      \"name\": \"\u00bfQu\u00e9 garant\u00edas ofrecen en sus instalaciones?\",\n      \"acceptedAnswer\": {\n        \"@type\": \"Answer\",\n        \"text\": \"Ofrecemos garant\u00edas de hasta 25 a\u00f1os en los paneles solares y 2 a\u00f1os en la instalaci\u00f3n, asegurando calidad y confianza en nuestros servicios.\"\n      }\n    }\n  ]\n}\n<\/script><\/p>\n","protected":false},"excerpt":{"rendered":"","protected":false},"author":1,"featured_media":0,"parent":0,"menu_order":0,"comment_status":"closed","ping_status":"closed","template":"","meta":{"footnotes":""},"class_list":["post-510","page","type-page","status-publish","hentry"],"yoast_head":"<!-- This site is optimized with the Yoast SEO plugin v26.1.1 - https:\/\/yoast.com\/wordpress\/plugins\/seo\/ -->\n<title>FAQS - Especialistes en energies solar<\/title>\n<meta name=\"robots\" content=\"noindex, follow, max-snippet:-1, max-image-preview:large, max-video-preview:-1\" \/>\n<meta property=\"og:locale\" content=\"ca_ES\" \/>\n<meta property=\"og:type\" content=\"article\" \/>\n<meta property=\"og:title\" content=\"FAQS - Especialistes en energies solar\" \/>\n<meta property=\"og:url\" content=\"https:\/\/vivimsolar.com\/ca\/faqs-especialistes-en-energies-solar\/\" \/>\n<meta property=\"og:site_name\" content=\"Vivim Solar\" \/>\n<meta property=\"article:publisher\" content=\"https:\/\/www.facebook.com\/p\/Vivim-Solar-100070184663885\/\" \/>\n<meta property=\"article:modified_time\" content=\"2025-05-15T09:50:30+00:00\" \/>\n<meta name=\"twitter:card\" content=\"summary_large_image\" \/>\n<meta name=\"twitter:site\" content=\"@vivimsolar\" \/>\n<meta name=\"twitter:label1\" content=\"Temps estimat de lectura\" \/>\n\t<meta name=\"twitter:data1\" content=\"2 minuts\" \/>\n<script type=\"application\/ld+json\" class=\"yoast-schema-graph\">{\"@context\":\"https:\/\/schema.org\",\"@graph\":[{\"@type\":\"WebPage\",\"@id\":\"https:\/\/vivimsolar.com\/ca\/faqs-especialistes-en-energies-solar\/\",\"url\":\"https:\/\/vivimsolar.com\/ca\/faqs-especialistes-en-energies-solar\/\",\"name\":\"FAQS - Especialistes en energies solar\",\"isPartOf\":{\"@id\":\"https:\/\/vivimsolar.com\/ca\/#website\"},\"datePublished\":\"2025-01-27T16:16:05+00:00\",\"dateModified\":\"2025-05-15T09:50:30+00:00\",\"breadcrumb\":{\"@id\":\"https:\/\/vivimsolar.com\/ca\/faqs-especialistes-en-energies-solar\/#breadcrumb\"},\"inLanguage\":\"ca\",\"potentialAction\":[{\"@type\":\"ReadAction\",\"target\":[\"https:\/\/vivimsolar.com\/ca\/faqs-especialistes-en-energies-solar\/\"]}]},{\"@type\":\"BreadcrumbList\",\"@id\":\"https:\/\/vivimsolar.com\/ca\/faqs-especialistes-en-energies-solar\/#breadcrumb\",\"itemListElement\":[{\"@type\":\"ListItem\",\"position\":1,\"name\":\"Portada\",\"item\":\"https:\/\/vivimsolar.com\/ca\/\"},{\"@type\":\"ListItem\",\"position\":2,\"name\":\"FAQS &#8211; Especialistes en energies solar\"}]},{\"@type\":\"WebSite\",\"@id\":\"https:\/\/vivimsolar.com\/ca\/#website\",\"url\":\"https:\/\/vivimsolar.com\/ca\/\",\"name\":\"Vivim Solar\",\"description\":\"Especialistas en instalaciones fotovoltaicas\",\"publisher\":{\"@id\":\"https:\/\/vivimsolar.com\/ca\/#organization\"},\"alternateName\":\"Vivim Solar\",\"potentialAction\":[{\"@type\":\"SearchAction\",\"target\":{\"@type\":\"EntryPoint\",\"urlTemplate\":\"https:\/\/vivimsolar.com\/ca\/?s={search_term_string}\"},\"query-input\":{\"@type\":\"PropertyValueSpecification\",\"valueRequired\":true,\"valueName\":\"search_term_string\"}}],\"inLanguage\":\"ca\"},{\"@type\":\"Organization\",\"@id\":\"https:\/\/vivimsolar.com\/ca\/#organization\",\"name\":\"Vivim Solar\",\"url\":\"https:\/\/vivimsolar.com\/ca\/\",\"logo\":{\"@type\":\"ImageObject\",\"inLanguage\":\"ca\",\"@id\":\"https:\/\/vivimsolar.com\/ca\/#\/schema\/logo\/image\/\",\"url\":\"https:\/\/vivimsolar.com\/wp-content\/uploads\/2025\/05\/vivim-solar-brand-removebg-preview-300x50-1.png\",\"contentUrl\":\"https:\/\/vivimsolar.com\/wp-content\/uploads\/2025\/05\/vivim-solar-brand-removebg-preview-300x50-1.png\",\"width\":300,\"height\":50,\"caption\":\"Vivim Solar\"},\"image\":{\"@id\":\"https:\/\/vivimsolar.com\/ca\/#\/schema\/logo\/image\/\"},\"sameAs\":[\"https:\/\/www.facebook.com\/p\/Vivim-Solar-100070184663885\/\",\"https:\/\/x.com\/vivimsolar\",\"https:\/\/www.instagram.com\/vivimsolar\/\"]}]}<\/script>\n<!-- \/ Yoast SEO plugin. -->","yoast_head_json":{"title":"FAQS - Especialistes en energies solar","robots":{"index":"noindex","follow":"follow","max-snippet":"max-snippet:-1","max-image-preview":"max-image-preview:large","max-video-preview":"max-video-preview:-1"},"og_locale":"ca_ES","og_type":"article","og_title":"FAQS - Especialistes en energies solar","og_url":"https:\/\/vivimsolar.com\/ca\/faqs-especialistes-en-energies-solar\/","og_site_name":"Vivim Solar","article_publisher":"https:\/\/www.facebook.com\/p\/Vivim-Solar-100070184663885\/","article_modified_time":"2025-05-15T09:50:30+00:00","twitter_card":"summary_large_image","twitter_site":"@vivimsolar","twitter_misc":{"Temps estimat de lectura":"2 minuts"},"schema":{"@context":"https:\/\/schema.org","@graph":[{"@type":"WebPage","@id":"https:\/\/vivimsolar.com\/ca\/faqs-especialistes-en-energies-solar\/","url":"https:\/\/vivimsolar.com\/ca\/faqs-especialistes-en-energies-solar\/","name":"FAQS - Especialistes en energies solar","isPartOf":{"@id":"https:\/\/vivimsolar.com\/ca\/#website"},"datePublished":"2025-01-27T16:16:05+00:00","dateModified":"2025-05-15T09:50:30+00:00","breadcrumb":{"@id":"https:\/\/vivimsolar.com\/ca\/faqs-especialistes-en-energies-solar\/#breadcrumb"},"inLanguage":"ca","potentialAction":[{"@type":"ReadAction","target":["https:\/\/vivimsolar.com\/ca\/faqs-especialistes-en-energies-solar\/"]}]},{"@type":"BreadcrumbList","@id":"https:\/\/vivimsolar.com\/ca\/faqs-especialistes-en-energies-solar\/#breadcrumb","itemListElement":[{"@type":"ListItem","position":1,"name":"Portada","item":"https:\/\/vivimsolar.com\/ca\/"},{"@type":"ListItem","position":2,"name":"FAQS &#8211; Especialistes en energies solar"}]},{"@type":"WebSite","@id":"https:\/\/vivimsolar.com\/ca\/#website","url":"https:\/\/vivimsolar.com\/ca\/","name":"Vivim Solar","description":"Especialistas en instalaciones fotovoltaicas","publisher":{"@id":"https:\/\/vivimsolar.com\/ca\/#organization"},"alternateName":"Vivim Solar","potentialAction":[{"@type":"SearchAction","target":{"@type":"EntryPoint","urlTemplate":"https:\/\/vivimsolar.com\/ca\/?s={search_term_string}"},"query-input":{"@type":"PropertyValueSpecification","valueRequired":true,"valueName":"search_term_string"}}],"inLanguage":"ca"},{"@type":"Organization","@id":"https:\/\/vivimsolar.com\/ca\/#organization","name":"Vivim Solar","url":"https:\/\/vivimsolar.com\/ca\/","logo":{"@type":"ImageObject","inLanguage":"ca","@id":"https:\/\/vivimsolar.com\/ca\/#\/schema\/logo\/image\/","url":"https:\/\/vivimsolar.com\/wp-content\/uploads\/2025\/05\/vivim-solar-brand-removebg-preview-300x50-1.png","contentUrl":"https:\/\/vivimsolar.com\/wp-content\/uploads\/2025\/05\/vivim-solar-brand-removebg-preview-300x50-1.png","width":300,"height":50,"caption":"Vivim Solar"},"image":{"@id":"https:\/\/vivimsolar.com\/ca\/#\/schema\/logo\/image\/"},"sameAs":["https:\/\/www.facebook.com\/p\/Vivim-Solar-100070184663885\/","https:\/\/x.com\/vivimsolar","https:\/\/www.instagram.com\/vivimsolar\/"]}]}},"_links":{"self":[{"href":"https:\/\/vivimsolar.com\/ca\/wp-json\/wp\/v2\/pages\/510","targetHints":{"allow":["GET"]}}],"collection":[{"href":"https:\/\/vivimsolar.com\/ca\/wp-json\/wp\/v2\/pages"}],"about":[{"href":"https:\/\/vivimsolar.com\/ca\/wp-json\/wp\/v2\/types\/page"}],"author":[{"embeddable":true,"href":"https:\/\/vivimsolar.com\/ca\/wp-json\/wp\/v2\/users\/1"}],"replies":[{"embeddable":true,"href":"https:\/\/vivimsolar.com\/ca\/wp-json\/wp\/v2\/comments?post=510"}],"version-history":[{"count":1,"href":"https:\/\/vivimsolar.com\/ca\/wp-json\/wp\/v2\/pages\/510\/revisions"}],"predecessor-version":[{"id":511,"href":"https:\/\/vivimsolar.com\/ca\/wp-json\/wp\/v2\/pages\/510\/revisions\/511"}],"wp:attachment":[{"href":"https:\/\/vivimsolar.com\/ca\/wp-json\/wp\/v2\/media?parent=510"}],"curies":[{"name":"wp","href":"https:\/\/api.w.org\/{rel}","templated":true}]}}