{"id":491,"date":"2025-01-27T16:10:52","date_gmt":"2025-01-27T16:10:52","guid":{"rendered":"https:\/\/vivimsolar.com\/qui-som\/"},"modified":"2025-09-04T16:48:10","modified_gmt":"2025-09-04T16:48:10","slug":"qui-som","status":"publish","type":"page","link":"https:\/\/vivimsolar.com\/ca\/qui-som\/","title":{"rendered":"Qui Som"},"content":{"rendered":"\n<div class=\"slider-wrapper relative\" id=\"slider-1021123977\" >\n    <div class=\"slider slider-nav-circle slider-nav-large slider-nav-light slider-style-normal\"\n        data-flickity-options='{\n            \"cellAlign\": \"center\",\n            \"imagesLoaded\": true,\n            \"lazyLoad\": 1,\n            \"freeScroll\": false,\n            \"wrapAround\": true,\n            \"autoPlay\": 6000,\n            \"pauseAutoPlayOnHover\" : true,\n            \"prevNextButtons\": true,\n            \"contain\" : true,\n            \"adaptiveHeight\" : true,\n            \"dragThreshold\" : 10,\n            \"percentPosition\": true,\n            \"pageDots\": true,\n            \"rightToLeft\": false,\n            \"draggable\": true,\n            \"selectedAttraction\": 0.1,\n            \"parallax\" : 0,\n            \"friction\": 0.6        }'\n        >\n        \n\n\n  <div class=\"banner has-hover has-parallax\" id=\"banner-333896163\">\n          <div class=\"banner-inner fill\">\n        <div class=\"banner-bg fill\" data-parallax=\"-3\" data-parallax-container=\".banner\" data-parallax-background>\n            <img loading=\"lazy\" decoding=\"async\" width=\"873\" height=\"532\" src=\"https:\/\/vivimsolar.com\/wp-content\/uploads\/2025\/01\/Rectangle-6.png\" class=\"bg attachment-large size-large\" alt=\"\" \/>                        <div class=\"overlay\"><\/div>            \n                    <\/div>\n\t\t\n        <div class=\"banner-layers container\">\n            <div class=\"fill banner-link\"><\/div>            \n\n   <div id=\"text-box-156551284\" class=\"text-box banner-layer x50 md-x50 lg-x50 y50 md-y50 lg-y50 res-text\">\n                                <div class=\"text-box-content text dark\">\n              \n              <div class=\"text-inner text-center\">\n                  \n\n\t<div id=\"text-844124244\" class=\"text\">\n\t\t\n\n<p class=\"uppercase\"><strong>NOSALTRES<\/strong><\/p>\n\t\t\n<style>\n#text-844124244 {\n  color: #ffffff;\n}\n#text-844124244 > * {\n  color: #ffffff;\n}\n<\/style>\n\t<\/div>\n\t\n\t<div id=\"text-415775671\" class=\"text\">\n\t\t\n\n<h1>Especialistes en solucions d&#8217;energia solar fotovoltaica<\/h1>\n<p>Des del 2019 impulsant la transici\u00f3 energ\u00e8tica a llars, comunitats i empreses<\/p>\n\t\t\n<style>\n#text-415775671 {\n  font-size: 0.75rem;\n  color: #ffffff;\n}\n#text-415775671 > * {\n  color: #ffffff;\n}\n@media (min-width:550px) {\n  #text-415775671 {\n    font-size: 1.05rem;\n  }\n}\n<\/style>\n\t<\/div>\n\t\n\n              <\/div>\n           <\/div>\n                            \n<style>\n#text-box-156551284 {\n  width: 90%;\n}\n#text-box-156551284 .text-box-content {\n  font-size: 100%;\n}\n@media (min-width:550px) {\n  #text-box-156551284 {\n    width: 70%;\n  }\n}\n<\/style>\n    <\/div>\n \n\n        <\/div>\n      <\/div>\n\n            \n<style>\n#banner-333896163 {\n  padding-top: 400px;\n}\n#banner-333896163 .overlay {\n  background-color: rgba(0, 0, 0, 0.25);\n}\n#banner-333896163 .banner-bg img {\n  object-position: 0% 39%;\n}\n<\/style>\n  <\/div>\n\n\n\n     <\/div>\n\n     <div class=\"loading-spin dark large centered\"><\/div>\n\n\t<\/div>\n\n\n\n\t<section class=\"section\" id=\"section_1808048216\">\n\t\t<div class=\"section-bg fill\" >\n\t\t\t\t\t\t\t\t\t\n\t\t\t\n\n\t\t<\/div>\n\n\t\t\n\n\t\t<div class=\"section-content relative\">\n\t\t\t\n\n\t<div id=\"gap-965830367\" class=\"gap-element clearfix\" style=\"display:block; height:auto;\">\n\t\t\n<style>\n#gap-965830367 {\n  padding-top: 30px;\n}\n<\/style>\n\t<\/div>\n\t\n\n<div class=\"row row-large align-middle\"  id=\"row-797077301\">\n\n\n\t<div id=\"col-237264761\" class=\"col medium-6 small-12 large-6\"  >\n\t\t\t\t<div class=\"col-inner\"  >\n\t\t\t\n\t\t\t\n\n\t<div class=\"img has-hover x md-x lg-x y md-y lg-y\" id=\"image_1943271947\">\n\t\t\t\t\t\t\t\t<div class=\"img-inner dark\" >\n\t\t\t<img loading=\"lazy\" decoding=\"async\" width=\"459\" height=\"350\" src=\"https:\/\/vivimsolar.com\/wp-content\/uploads\/2025\/03\/rossinyol.jpg\" class=\"attachment-large size-large\" alt=\"\" srcset=\"https:\/\/vivimsolar.com\/wp-content\/uploads\/2025\/03\/rossinyol.jpg 459w, https:\/\/vivimsolar.com\/wp-content\/uploads\/2025\/03\/rossinyol-300x229.jpg 300w\" sizes=\"auto, (max-width: 459px) 100vw, 459px\" \/>\t\t\t\t\t\t\n\t\t\t\t\t<\/div>\n\t\t\t\t\t\t\t\t\n<style>\n#image_1943271947 {\n  width: 100%;\n}\n<\/style>\n\t<\/div>\n\t\n\n\n\t\t<\/div>\n\t\t\t\t\t<\/div>\n\n\t\n\n\t<div id=\"col-341317490\" class=\"col medium-6 small-12 large-6 small-col-first\"  >\n\t\t\t\t<div class=\"col-inner\"  >\n\t\t\t\n\t\t\t\n\n<h2>Vivim Solar, el teu aliat en energia solar<\/h2>\n<p><strong>Vivim Solar SL<\/strong> \u00e9s una empresa especialista en solucions d&#8217; <strong>energia solar fotovoltaica<\/strong> . Establerta a Sant Cugat del Vall\u00e8s (Barcelona) per professionals de l&#8217;\u00e0mbit de l&#8217;enginyeria i les energies renovables, des del 2019 hem desenvolupat m\u00e9s de <strong>500 projectes<\/strong> al sector residencial, industrial i en comunitats de propietaris. <\/p>\n<p>Comptem amb un equip t\u00e8cnic altament qualificat i comprom\u00e8s amb oferir <strong>instal\u00b7lacions solars eficients, segures i duradores<\/strong> . La nostra missi\u00f3 \u00e9s ajudar-te a produir la teva pr\u00f2pia electricitat, estalviar diners i contribuir a un m\u00f3n m\u00e9s sostenible. <\/p><\/p>\n\n\t\t<\/div>\n\t\t\t\t\t<\/div>\n\n\t\n\n<\/div>\n<div class=\"text-center\"><div class=\"is-divider divider clearfix\" style=\"max-width:80%;height:1px;\"><\/div><\/div>\n\n\n\t\t<\/div>\n\n\t\t\n<style>\n#section_1808048216 {\n  padding-top: 60px 0;\n  padding-bottom: 60px 0;\n}\n<\/style>\n\t<\/section>\n\t\n\t<div id=\"text-920044577\" class=\"text\">\n\t\t\n\n<h2 class=\"uppercase\">Garantia &#8211; QUALITAT &#8211; Confian\u00e7a<\/h2>\n\t\t\n<style>\n#text-920044577 {\n  text-align: center;\n}\n<\/style>\n\t<\/div>\n\t\n\n\t<section class=\"section\" id=\"section_834826817\">\n\t\t<div class=\"section-bg fill\" >\n\t\t\t\t\t\t\t\t\t\n\t\t\t\n\n\t\t<\/div>\n\n\t\t\n\n\t\t<div class=\"section-content relative\">\n\t\t\t\n\n<div class=\"row row-large align-middle\"  id=\"row-715454615\">\n\n\n\t<div id=\"col-1608268806\" class=\"col medium-4 small-12 large-4\"  >\n\t\t\t\t<div class=\"col-inner\"  >\n\t\t\t\n\t\t\t\n\n\t<div class=\"img has-hover x md-x lg-x y md-y lg-y\" id=\"image_725329121\">\n\t\t\t\t\t\t\t\t<div class=\"img-inner dark\" >\n\t\t\t<img loading=\"lazy\" decoding=\"async\" width=\"446\" height=\"167\" src=\"https:\/\/vivimsolar.com\/wp-content\/uploads\/2025\/05\/cona-3.jpg\" class=\"attachment-large size-large\" alt=\"\" srcset=\"https:\/\/vivimsolar.com\/wp-content\/uploads\/2025\/05\/cona-3.jpg 446w, https:\/\/vivimsolar.com\/wp-content\/uploads\/2025\/05\/cona-3-300x112.jpg 300w\" sizes=\"auto, (max-width: 446px) 100vw, 446px\" \/>\t\t\t\t\t\t\n\t\t\t\t\t<\/div>\n\t\t\t\t\t\t\t\t\n<style>\n#image_725329121 {\n  width: 100%;\n}\n<\/style>\n\t<\/div>\n\t\n\n<h2 style=\"text-align: center;\">Al teu costat<\/h2>\n<p style=\"text-align: center;\">T&#8217;acompanyem durant tot el proc\u00e9s, resolent dubtes i imprevistos amb atenci\u00f3 personalitzada.<\/p>\n\n\t\t<\/div>\n\t\t\t\t\t<\/div>\n\n\t\n\n\t<div id=\"col-1061438104\" class=\"col medium-4 small-12 large-4\"  >\n\t\t\t\t<div class=\"col-inner\"  >\n\t\t\t\n\t\t\t\n\n\t<div class=\"img has-hover x md-x lg-x y md-y lg-y\" id=\"image_1882668556\">\n\t\t\t\t\t\t\t\t<div class=\"img-inner dark\" >\n\t\t\t<img loading=\"lazy\" decoding=\"async\" width=\"446\" height=\"167\" src=\"https:\/\/vivimsolar.com\/wp-content\/uploads\/2025\/05\/cona-2.jpg\" class=\"attachment-large size-large\" alt=\"\" srcset=\"https:\/\/vivimsolar.com\/wp-content\/uploads\/2025\/05\/cona-2.jpg 446w, https:\/\/vivimsolar.com\/wp-content\/uploads\/2025\/05\/cona-2-300x112.jpg 300w\" sizes=\"auto, (max-width: 446px) 100vw, 446px\" \/>\t\t\t\t\t\t\n\t\t\t\t\t<\/div>\n\t\t\t\t\t\t\t\t\n<style>\n#image_1882668556 {\n  width: 100%;\n}\n<\/style>\n\t<\/div>\n\t\n\n<h2>Solucions a mida<\/h2>\n<p style=\"text-align: center;\">Cada instal\u00b7laci\u00f3 \u00e9s \u00fanica. Estudiem les necessitats concretes i dissenyem la soluci\u00f3 \u00f2ptima pel teu cas. <\/p>\n\n\t\t<\/div>\n\t\t\t\t\t<\/div>\n\n\t\n\n\t<div id=\"col-359041796\" class=\"col medium-4 small-12 large-4\"  >\n\t\t\t\t<div class=\"col-inner\"  >\n\t\t\t\n\t\t\t\n\n\t<div class=\"img has-hover x md-x lg-x y md-y lg-y\" id=\"image_1822571735\">\n\t\t\t\t\t\t\t\t<div class=\"img-inner dark\" >\n\t\t\t<img loading=\"lazy\" decoding=\"async\" width=\"446\" height=\"167\" src=\"https:\/\/vivimsolar.com\/wp-content\/uploads\/2025\/05\/cona-1.jpg\" class=\"attachment-large size-large\" alt=\"\" srcset=\"https:\/\/vivimsolar.com\/wp-content\/uploads\/2025\/05\/cona-1.jpg 446w, https:\/\/vivimsolar.com\/wp-content\/uploads\/2025\/05\/cona-1-300x112.jpg 300w\" sizes=\"auto, (max-width: 446px) 100vw, 446px\" \/>\t\t\t\t\t\t\n\t\t\t\t\t<\/div>\n\t\t\t\t\t\t\t\t\n<style>\n#image_1822571735 {\n  width: 100%;\n}\n<\/style>\n\t<\/div>\n\t\n\n<h2 style=\"text-align: center;\"><strong>Confian\u00e7a i qualitat:<\/strong><\/h2>\n<p style=\"text-align: center;\">  Fem servir materials amb fins a 25 anys de garantia i garantim les nostres instal\u00b7lacions durant 2 anys. Tot instal\u00b7lat per professionals amb experi\u00e8ncia. <\/p>\n\n\t\t<\/div>\n\t\t\t\t\t<\/div>\n\n\t\n\n<\/div>\n\n\t\t<\/div>\n\n\t\t\n<style>\n#section_834826817 {\n  padding-top: 60px 0;\n  padding-bottom: 60px 0;\n  background-color: rgb(255, 255, 255);\n}\n<\/style>\n\t<\/section>\n\t\n\n\t<section class=\"section\" id=\"section_741667472\">\n\t\t<div class=\"section-bg fill\" >\n\t\t\t\t\t\t\t\t\t\n\t\t\t\n\n\t\t<\/div>\n\n\t\t\n\n\t\t<div class=\"section-content relative\">\n\t\t\t\n\n<div class=\"row\"  id=\"row-491740854\">\n\n\n\t<div id=\"col-564925561\" class=\"col large-12\"  >\n\t\t\t\t<div class=\"col-inner text-center\"  >\n\t\t\t\n\t\t\t\n\n\t<div id=\"gap-200429095\" class=\"gap-element clearfix\" style=\"display:block; height:auto;\">\n\t\t\n<style>\n#gap-200429095 {\n  padding-top: 30px;\n}\n<\/style>\n\t<\/div>\n\t\n\n<h2 class=\"uppercase\">Comprom\u00eds amb la sostenibilitat<\/h2>\n<p>Creiem en una transici\u00f3 energ\u00e8tica justa ia l&#8217;abast de tothom. Cada instal\u00b7laci\u00f3 que fem \u00e9s un pas cap a un model energ\u00e8tic m\u00e9s net, eficient i descentralitzat. <\/p>\n<p>A Vivim Solar, <strong>treballem per a un futur millor<\/strong> .<\/p>\n<a href=\"https:\/\/vivimsolar.com\/proyectos-energia-solar\/\" class=\"button primary is-outline\"  >\n\t\t<span>DESCOBREIX ELS NOSTRES PROJECTES<\/span>\n\t<\/a>\n\n\n\n\t\t<\/div>\n\t\t\t\t\t<\/div>\n\n\t\n\n<\/div>\n\n\t\t<\/div>\n\n\t\t\n<style>\n#section_741667472 {\n  padding-top: 60px 0;\n  padding-bottom: 60px 0;\n  background-color: rgb(248, 248, 248);\n}\n<\/style>\n\t<\/section>\n\t\n\n\t<section class=\"section\" id=\"section_1824978236\">\n\t\t<div class=\"section-bg fill\" >\n\t\t\t\t\t\t\t\t\t\n\t\t\t\n\n\t\t<\/div>\n\n\t\t\n\n\t\t<div class=\"section-content relative\">\n\t\t\t\n\n<div class=\"slider-wrapper relative\" id=\"slider-1622490282\" >\n    <div class=\"slider slider-nav-circle slider-nav-large slider-nav-light slider-style-normal\"\n        data-flickity-options='{\n            \"cellAlign\": \"center\",\n            \"imagesLoaded\": true,\n            \"lazyLoad\": 1,\n            \"freeScroll\": false,\n            \"wrapAround\": true,\n            \"autoPlay\": 6000,\n            \"pauseAutoPlayOnHover\" : true,\n            \"prevNextButtons\": true,\n            \"contain\" : true,\n            \"adaptiveHeight\" : true,\n            \"dragThreshold\" : 10,\n            \"percentPosition\": true,\n            \"pageDots\": true,\n            \"rightToLeft\": false,\n            \"draggable\": true,\n            \"selectedAttraction\": 0.1,\n            \"parallax\" : 0,\n            \"friction\": 0.6        }'\n        >\n        \n\n\n  <div class=\"banner has-hover has-parallax\" id=\"banner-1406380542\">\n          <div class=\"banner-inner fill\">\n        <div class=\"banner-bg fill\" data-parallax=\"-3\" data-parallax-container=\".banner\" data-parallax-background>\n            <img loading=\"lazy\" decoding=\"async\" width=\"1440\" height=\"420\" src=\"https:\/\/vivimsolar.com\/wp-content\/uploads\/2025\/01\/Group-7-1.png\" class=\"bg attachment-original size-original\" alt=\"\" \/>                                    \n                    <\/div>\n\t\t\n        <div class=\"banner-layers container\">\n            <div class=\"fill banner-link\"><\/div>            \n\n   <div id=\"text-box-305834858\" class=\"text-box banner-layer x5 md-x0 lg-x0 y50 md-y30 lg-y30 res-text\">\n                                <div class=\"text-box-content text dark\">\n              \n              <div class=\"text-inner text-center\">\n                  \n\n\t<div class=\"img has-hover x md-x lg-x y md-y lg-y\" id=\"image_1976046558\">\n\t\t\t\t\t\t\t\t<div class=\"img-inner dark\" >\n\t\t\t<img loading=\"lazy\" decoding=\"async\" width=\"678\" height=\"213\" src=\"https:\/\/vivimsolar.com\/wp-content\/uploads\/2025\/01\/Group-1-7-1.png\" class=\"attachment-original size-original\" alt=\"Vivim Solar especialistas en placas solares y energ\u00eda fotovolt\u00e1ica en Sant Cugat del Vall\u00e9s Bacelona\" srcset=\"https:\/\/vivimsolar.com\/wp-content\/uploads\/2025\/01\/Group-1-7-1.png 678w, https:\/\/vivimsolar.com\/wp-content\/uploads\/2025\/01\/Group-1-7-1-300x94.png 300w\" sizes=\"auto, (max-width: 678px) 100vw, 678px\" \/>\t\t\t\t\t\t\n\t\t\t\t\t<\/div>\n\t\t\t\t\t\t\t\t\n<style>\n#image_1976046558 {\n  width: 100%;\n}\n<\/style>\n\t<\/div>\n\t\n\n\n              <\/div>\n           <\/div>\n                            \n<style>\n#text-box-305834858 {\n  width: 60%;\n}\n#text-box-305834858 .text-box-content {\n  font-size: 100%;\n}\n@media (min-width:550px) {\n  #text-box-305834858 {\n    width: 40%;\n  }\n}\n<\/style>\n    <\/div>\n \n\n        <\/div>\n      <\/div>\n\n            \n<style>\n#banner-1406380542 {\n  padding-top: 139px;\n}\n#banner-1406380542 .banner-bg img {\n  object-position: 23% 100%;\n}\n@media (min-width:550px) {\n  #banner-1406380542 {\n    padding-top: 420px;\n  }\n}\n<\/style>\n  <\/div>\n\n\n\n     <\/div>\n\n     <div class=\"loading-spin dark large centered\"><\/div>\n\n\t<\/div>\n\n\n<div class=\"row row-large\"  id=\"row-780254583\">\n\n\n\t<div id=\"col-1591839764\" class=\"col medium-6 small-12 large-6\"  >\n\t\t\t\t<div class=\"col-inner\"  >\n\t\t\t\n\t\t\t\n\n\t<div id=\"text-3097877798\" class=\"text\">\n\t\t\n\n<p data-line-height=\"m\">Vivim Solar, solucions d&#8217;altes prestacions per al teu projecte fotovoltaic clau en m\u00e0.<\/p>\n\t\t\n<style>\n#text-3097877798 {\n  font-size: 1.85rem;\n}\n<\/style>\n\t<\/div>\n\t\n<p>Desenvolupem projectes fotovoltaics des de l&#8217;enginyeria fins a la instal\u00b7laci\u00f3, la legalitzaci\u00f3 i el manteniment. Treballem amb personal propi a totes les etapes del projecte. <\/p>\n\n\t\t<\/div>\n\t\t\t\t\t<\/div>\n\n\t\n\n\t<div id=\"col-939909604\" class=\"col medium-5 small-12 large-5\"  >\n\t\t\t\t<div class=\"col-inner box-shadow-2\" style=\"background-color:rgb(255,255,255);\" >\n\t\t\t\n\t\t\t\n\n<div class=\"row align-center\"  id=\"row-295658986\">\n\n\n\t<div id=\"col-1070851930\" class=\"col medium-11 small-12 large-11\"  >\n\t\t\t\t<div class=\"col-inner\" style=\"background-color:rgb(255,255,255);\" >\n\t\t\t\n\t\t\t\n\n\n\n<script type=\"text\/javascript\" src=\"https:\/\/api.clientify.net\/web-marketing\/superforms\/script\/255922.js\"><\/script>\n\n\n\t\t<\/div>\n\t\t\t\t\n<style>\n#col-1070851930 > .col-inner {\n  padding: 30px 30px 30px 30px;\n}\n<\/style>\n\t<\/div>\n\n\t\n\n\n<style>\n#row-295658986 > .col > .col-inner {\n  background-color: rgb(255,255,255);\n}\n<\/style>\n<\/div>\n\n\t\t<\/div>\n\t\t\t\t\n<style>\n#col-939909604 > .col-inner {\n  margin: 0px 0px 0px 0px;\n}\n@media (min-width:550px) {\n  #col-939909604 > .col-inner {\n    margin: -200px 0px 0px 0px;\n  }\n}\n<\/style>\n\t<\/div>\n\n\t\n\n<\/div>\n\n\t\t<\/div>\n\n\t\t\n<style>\n#section_1824978236 {\n  padding-top: 0px;\n  padding-bottom: 0px;\n}\n<\/style>\n\t<\/section>\n\t\n\n","protected":false},"excerpt":{"rendered":"","protected":false},"author":1,"featured_media":0,"parent":0,"menu_order":0,"comment_status":"closed","ping_status":"closed","template":"page-blank.php","meta":{"footnotes":""},"class_list":["post-491","page","type-page","status-publish","hentry"],"yoast_head":"<!-- This site is optimized with the Yoast SEO plugin v26.1.1 - https:\/\/yoast.com\/wordpress\/plugins\/seo\/ -->\n<title>Vivim Solar - Especialistas en energ\u00eda solar en Sant Cugat del Valles<\/title>\n<meta name=\"robots\" content=\"noindex, follow, max-snippet:-1, max-image-preview:large, max-video-preview:-1\" \/>\n<meta property=\"og:locale\" content=\"ca_ES\" \/>\n<meta property=\"og:type\" content=\"article\" \/>\n<meta property=\"og:title\" content=\"Vivim Solar - Especialistas en energ\u00eda solar en Sant Cugat del Valles\" \/>\n<meta property=\"og:url\" content=\"https:\/\/vivimsolar.com\/ca\/qui-som\/\" \/>\n<meta property=\"og:site_name\" content=\"Vivim Solar\" \/>\n<meta property=\"article:publisher\" content=\"https:\/\/www.facebook.com\/p\/Vivim-Solar-100070184663885\/\" \/>\n<meta property=\"article:modified_time\" content=\"2025-09-04T16:48:10+00:00\" \/>\n<meta name=\"twitter:card\" content=\"summary_large_image\" \/>\n<meta name=\"twitter:site\" content=\"@vivimsolar\" \/>\n<meta name=\"twitter:label1\" content=\"Temps estimat de lectura\" \/>\n\t<meta name=\"twitter:data1\" content=\"3 minuts\" \/>\n<script type=\"application\/ld+json\" class=\"yoast-schema-graph\">{\"@context\":\"https:\/\/schema.org\",\"@graph\":[{\"@type\":\"WebPage\",\"@id\":\"https:\/\/vivimsolar.com\/ca\/qui-som\/\",\"url\":\"https:\/\/vivimsolar.com\/ca\/qui-som\/\",\"name\":\"Vivim Solar - Especialistas en energ\u00eda solar en Sant Cugat del Valles\",\"isPartOf\":{\"@id\":\"https:\/\/vivimsolar.com\/ca\/#website\"},\"datePublished\":\"2025-01-27T16:10:52+00:00\",\"dateModified\":\"2025-09-04T16:48:10+00:00\",\"breadcrumb\":{\"@id\":\"https:\/\/vivimsolar.com\/ca\/qui-som\/#breadcrumb\"},\"inLanguage\":\"ca\",\"potentialAction\":[{\"@type\":\"ReadAction\",\"target\":[\"https:\/\/vivimsolar.com\/ca\/qui-som\/\"]}]},{\"@type\":\"BreadcrumbList\",\"@id\":\"https:\/\/vivimsolar.com\/ca\/qui-som\/#breadcrumb\",\"itemListElement\":[{\"@type\":\"ListItem\",\"position\":1,\"name\":\"Portada\",\"item\":\"https:\/\/vivimsolar.com\/ca\/\"},{\"@type\":\"ListItem\",\"position\":2,\"name\":\"Qui Som\"}]},{\"@type\":\"WebSite\",\"@id\":\"https:\/\/vivimsolar.com\/ca\/#website\",\"url\":\"https:\/\/vivimsolar.com\/ca\/\",\"name\":\"Vivim Solar\",\"description\":\"Especialistas en instalaciones fotovoltaicas\",\"publisher\":{\"@id\":\"https:\/\/vivimsolar.com\/ca\/#organization\"},\"alternateName\":\"Vivim Solar\",\"potentialAction\":[{\"@type\":\"SearchAction\",\"target\":{\"@type\":\"EntryPoint\",\"urlTemplate\":\"https:\/\/vivimsolar.com\/ca\/?s={search_term_string}\"},\"query-input\":{\"@type\":\"PropertyValueSpecification\",\"valueRequired\":true,\"valueName\":\"search_term_string\"}}],\"inLanguage\":\"ca\"},{\"@type\":\"Organization\",\"@id\":\"https:\/\/vivimsolar.com\/ca\/#organization\",\"name\":\"Vivim Solar\",\"url\":\"https:\/\/vivimsolar.com\/ca\/\",\"logo\":{\"@type\":\"ImageObject\",\"inLanguage\":\"ca\",\"@id\":\"https:\/\/vivimsolar.com\/ca\/#\/schema\/logo\/image\/\",\"url\":\"https:\/\/vivimsolar.com\/wp-content\/uploads\/2025\/05\/vivim-solar-brand-removebg-preview-300x50-1.png\",\"contentUrl\":\"https:\/\/vivimsolar.com\/wp-content\/uploads\/2025\/05\/vivim-solar-brand-removebg-preview-300x50-1.png\",\"width\":300,\"height\":50,\"caption\":\"Vivim Solar\"},\"image\":{\"@id\":\"https:\/\/vivimsolar.com\/ca\/#\/schema\/logo\/image\/\"},\"sameAs\":[\"https:\/\/www.facebook.com\/p\/Vivim-Solar-100070184663885\/\",\"https:\/\/x.com\/vivimsolar\",\"https:\/\/www.instagram.com\/vivimsolar\/\"]}]}<\/script>\n<!-- \/ Yoast SEO plugin. -->","yoast_head_json":{"title":"Vivim Solar - Especialistas en energ\u00eda solar en Sant Cugat del Valles","robots":{"index":"noindex","follow":"follow","max-snippet":"max-snippet:-1","max-image-preview":"max-image-preview:large","max-video-preview":"max-video-preview:-1"},"og_locale":"ca_ES","og_type":"article","og_title":"Vivim Solar - Especialistas en energ\u00eda solar en Sant Cugat del Valles","og_url":"https:\/\/vivimsolar.com\/ca\/qui-som\/","og_site_name":"Vivim Solar","article_publisher":"https:\/\/www.facebook.com\/p\/Vivim-Solar-100070184663885\/","article_modified_time":"2025-09-04T16:48:10+00:00","twitter_card":"summary_large_image","twitter_site":"@vivimsolar","twitter_misc":{"Temps estimat de lectura":"3 minuts"},"schema":{"@context":"https:\/\/schema.org","@graph":[{"@type":"WebPage","@id":"https:\/\/vivimsolar.com\/ca\/qui-som\/","url":"https:\/\/vivimsolar.com\/ca\/qui-som\/","name":"Vivim Solar - Especialistas en energ\u00eda solar en Sant Cugat del Valles","isPartOf":{"@id":"https:\/\/vivimsolar.com\/ca\/#website"},"datePublished":"2025-01-27T16:10:52+00:00","dateModified":"2025-09-04T16:48:10+00:00","breadcrumb":{"@id":"https:\/\/vivimsolar.com\/ca\/qui-som\/#breadcrumb"},"inLanguage":"ca","potentialAction":[{"@type":"ReadAction","target":["https:\/\/vivimsolar.com\/ca\/qui-som\/"]}]},{"@type":"BreadcrumbList","@id":"https:\/\/vivimsolar.com\/ca\/qui-som\/#breadcrumb","itemListElement":[{"@type":"ListItem","position":1,"name":"Portada","item":"https:\/\/vivimsolar.com\/ca\/"},{"@type":"ListItem","position":2,"name":"Qui Som"}]},{"@type":"WebSite","@id":"https:\/\/vivimsolar.com\/ca\/#website","url":"https:\/\/vivimsolar.com\/ca\/","name":"Vivim Solar","description":"Especialistas en instalaciones fotovoltaicas","publisher":{"@id":"https:\/\/vivimsolar.com\/ca\/#organization"},"alternateName":"Vivim Solar","potentialAction":[{"@type":"SearchAction","target":{"@type":"EntryPoint","urlTemplate":"https:\/\/vivimsolar.com\/ca\/?s={search_term_string}"},"query-input":{"@type":"PropertyValueSpecification","valueRequired":true,"valueName":"search_term_string"}}],"inLanguage":"ca"},{"@type":"Organization","@id":"https:\/\/vivimsolar.com\/ca\/#organization","name":"Vivim Solar","url":"https:\/\/vivimsolar.com\/ca\/","logo":{"@type":"ImageObject","inLanguage":"ca","@id":"https:\/\/vivimsolar.com\/ca\/#\/schema\/logo\/image\/","url":"https:\/\/vivimsolar.com\/wp-content\/uploads\/2025\/05\/vivim-solar-brand-removebg-preview-300x50-1.png","contentUrl":"https:\/\/vivimsolar.com\/wp-content\/uploads\/2025\/05\/vivim-solar-brand-removebg-preview-300x50-1.png","width":300,"height":50,"caption":"Vivim Solar"},"image":{"@id":"https:\/\/vivimsolar.com\/ca\/#\/schema\/logo\/image\/"},"sameAs":["https:\/\/www.facebook.com\/p\/Vivim-Solar-100070184663885\/","https:\/\/x.com\/vivimsolar","https:\/\/www.instagram.com\/vivimsolar\/"]}]}},"_links":{"self":[{"href":"https:\/\/vivimsolar.com\/ca\/wp-json\/wp\/v2\/pages\/491","targetHints":{"allow":["GET"]}}],"collection":[{"href":"https:\/\/vivimsolar.com\/ca\/wp-json\/wp\/v2\/pages"}],"about":[{"href":"https:\/\/vivimsolar.com\/ca\/wp-json\/wp\/v2\/types\/page"}],"author":[{"embeddable":true,"href":"https:\/\/vivimsolar.com\/ca\/wp-json\/wp\/v2\/users\/1"}],"replies":[{"embeddable":true,"href":"https:\/\/vivimsolar.com\/ca\/wp-json\/wp\/v2\/comments?post=491"}],"version-history":[{"count":2,"href":"https:\/\/vivimsolar.com\/ca\/wp-json\/wp\/v2\/pages\/491\/revisions"}],"predecessor-version":[{"id":661,"href":"https:\/\/vivimsolar.com\/ca\/wp-json\/wp\/v2\/pages\/491\/revisions\/661"}],"wp:attachment":[{"href":"https:\/\/vivimsolar.com\/ca\/wp-json\/wp\/v2\/media?parent=491"}],"curies":[{"name":"wp","href":"https:\/\/api.w.org\/{rel}","templated":true}]}}